{"id":2032,"date":"2017-10-10T18:11:53","date_gmt":"2017-10-10T16:11:53","guid":{"rendered":"https:\/\/lepouliguen-ecole.fr\/?page_id=2032"},"modified":"2024-12-08T19:26:29","modified_gmt":"2024-12-08T18:26:29","slug":"comment-venir-a-lecole","status":"publish","type":"page","link":"https:\/\/lepouliguen-ecole.fr\/?page_id=2032","title":{"rendered":"Comment venir \u00e0 l&rsquo;\u00e9cole"},"content":{"rendered":"<p>Nous avons de nombreuses portes au sein de notre \u00e9tablissement. 2 de ces entr\u00e9es sont destin\u00e9es aux enfants :<\/p>\n<p>&#8211;<span style=\"font-family: Ubuntu;\"><strong>le portail bleu<\/strong>, <em>rue des sapins<\/em> -&gt; <\/span><span style=\"font-family: Ubuntu;\">lors de l&rsquo;accueil et de la fin de journ\u00e9e (soit 8h35 et 16h30 &#8211; sauf pour les CE2\/CM1\/CM2 qui sortent \u00e0 16H30 par la Rue Lamartine)<\/span><\/p>\n<p>&#8211;<span style=\"font-family: Ubuntu;\"><strong>la porte du p\u00e9riscolaire<\/strong>, <em>20 rue du bois <\/em>-&gt;&nbsp;<\/span><span style=\"font-family: Ubuntu;\">en dehors de ces horaires d&rsquo;accueil (en cas de retard, de suivis ext\u00e9rieurs, de p\u00e9riscolaire)<\/span><\/p>\n<p>&nbsp;<\/p>\n<p>&nbsp;<\/p>\n","protected":false},"excerpt":{"rendered":"<p>Nous avons de nombreuses portes au sein de notre \u00e9tablissement. 2 de ces entr\u00e9es sont destin\u00e9es aux enfants : &#8211;le portail bleu, rue des sapins -&gt; lors de l&rsquo;accueil et de la fin de journ\u00e9e (soit 8h35 et 16h30 &#8211; sauf pour les CE2\/CM1\/CM2 qui sortent \u00e0 16H30 par la Rue Lamartine) &#8211;la porte du<\/p>\n<p><a href=\"https:\/\/lepouliguen-ecole.fr\/?page_id=2032\" class=\"more-link themebutton\">Read More<\/a><\/p>\n","protected":false},"author":4,"featured_media":0,"parent":0,"menu_order":0,"comment_status":"closed","ping_status":"closed","template":"","meta":{"ngg_post_thumbnail":0,"footnotes":""},"class_list":["post-2032","page","type-page","status-publish","hentry"],"_links":{"self":[{"href":"https:\/\/lepouliguen-ecole.fr\/index.php?rest_route=\/wp\/v2\/pages\/2032","targetHints":{"allow":["GET"]}}],"collection":[{"href":"https:\/\/lepouliguen-ecole.fr\/index.php?rest_route=\/wp\/v2\/pages"}],"about":[{"href":"https:\/\/lepouliguen-ecole.fr\/index.php?rest_route=\/wp\/v2\/types\/page"}],"author":[{"embeddable":true,"href":"https:\/\/lepouliguen-ecole.fr\/index.php?rest_route=\/wp\/v2\/users\/4"}],"replies":[{"embeddable":true,"href":"https:\/\/lepouliguen-ecole.fr\/index.php?rest_route=%2Fwp%2Fv2%2Fcomments&post=2032"}],"version-history":[{"count":3,"href":"https:\/\/lepouliguen-ecole.fr\/index.php?rest_route=\/wp\/v2\/pages\/2032\/revisions"}],"predecessor-version":[{"id":14974,"href":"https:\/\/lepouliguen-ecole.fr\/index.php?rest_route=\/wp\/v2\/pages\/2032\/revisions\/14974"}],"wp:attachment":[{"href":"https:\/\/lepouliguen-ecole.fr\/index.php?rest_route=%2Fwp%2Fv2%2Fmedia&parent=2032"}],"curies":[{"name":"wp","href":"https:\/\/api.w.org\/{rel}","templated":true}]}}