{"id":2037,"date":"2017-10-10T18:14:03","date_gmt":"2017-10-10T16:14:03","guid":{"rendered":"https:\/\/lepouliguen-ecole.fr\/?page_id=2037"},"modified":"2024-12-08T18:26:26","modified_gmt":"2024-12-08T17:26:26","slug":"les-horaires","status":"publish","type":"page","link":"https:\/\/lepouliguen-ecole.fr\/?page_id=2037","title":{"rendered":"Les horaires"},"content":{"rendered":"<p>Les \u00e9l\u00e8ves ont \u00e9cole 4 jours par semaine. Voici les horaires :<\/p>\n<p>&nbsp; &nbsp; &nbsp; 7h30 &#8211; 8h35&nbsp; &nbsp;-&gt; p\u00e9riscolaire pour les familles en ayant besoin (entr\u00e9e rue du bois)<\/p>\n<p>&nbsp; &nbsp; &nbsp; 8h35 &#8211; 8h45 -&gt; accueil des \u00e9l\u00e8ves par le portail rue des sapins &#8211; accueil \u00e9chelonn\u00e9 dans les classes<\/p>\n<p>&nbsp; &nbsp; &nbsp; 8h45 &#8211; 12h00&nbsp; -&gt; classe<\/p>\n<p>&nbsp; &nbsp; &nbsp; 12h00 &#8211; 12h10&nbsp; &nbsp;-&gt; ouverture du portail (rue des sapins)<\/p>\n<p>&nbsp; &nbsp; &nbsp; 12h10 &#8211; 13h20&nbsp; &nbsp;-&gt; temps m\u00e9ridien<\/p>\n<p>&nbsp; &nbsp; &nbsp; 13h20 &#8211; 13h30&nbsp; &nbsp; -&gt; ouverture du portail (rue des sapins)<\/p>\n<p>&nbsp; &nbsp; &nbsp; 13h30 &#8211; 16h30&nbsp; &nbsp; -&gt; classe<\/p>\n<p>&nbsp; &nbsp; &nbsp; 16h30 &#8211; 16h40&nbsp; -&gt; sortie des \u00e9l\u00e8ves (par le portail rue des sapins pour les PS\/MS\/GS\/CP\/CE1 ou rue Lamartine pour les CE2\/CM1\/CM2)<\/p>\n<p>&nbsp; &nbsp; &nbsp; 16h40 &#8211; 18h30&nbsp; -&gt; p\u00e9riscolaire si besoin (sortie par la rue du bois)<\/p>\n<p>&nbsp;<\/p>\n","protected":false},"excerpt":{"rendered":"<p>Les \u00e9l\u00e8ves ont \u00e9cole 4 jours par semaine. Voici les horaires : &nbsp; &nbsp; &nbsp; 7h30 &#8211; 8h35&nbsp; &nbsp;-&gt; p\u00e9riscolaire pour les familles en ayant besoin (entr\u00e9e rue du bois) &nbsp; &nbsp; &nbsp; 8h35 &#8211; 8h45 -&gt; accueil des \u00e9l\u00e8ves par le portail rue des sapins &#8211; accueil \u00e9chelonn\u00e9 dans les classes &nbsp; &nbsp; &nbsp;<\/p>\n<p><a href=\"https:\/\/lepouliguen-ecole.fr\/?page_id=2037\" class=\"more-link themebutton\">Read More<\/a><\/p>\n","protected":false},"author":4,"featured_media":0,"parent":0,"menu_order":0,"comment_status":"closed","ping_status":"closed","template":"","meta":{"ngg_post_thumbnail":0,"footnotes":""},"class_list":["post-2037","page","type-page","status-publish","hentry"],"_links":{"self":[{"href":"https:\/\/lepouliguen-ecole.fr\/index.php?rest_route=\/wp\/v2\/pages\/2037","targetHints":{"allow":["GET"]}}],"collection":[{"href":"https:\/\/lepouliguen-ecole.fr\/index.php?rest_route=\/wp\/v2\/pages"}],"about":[{"href":"https:\/\/lepouliguen-ecole.fr\/index.php?rest_route=\/wp\/v2\/types\/page"}],"author":[{"embeddable":true,"href":"https:\/\/lepouliguen-ecole.fr\/index.php?rest_route=\/wp\/v2\/users\/4"}],"replies":[{"embeddable":true,"href":"https:\/\/lepouliguen-ecole.fr\/index.php?rest_route=%2Fwp%2Fv2%2Fcomments&post=2037"}],"version-history":[{"count":3,"href":"https:\/\/lepouliguen-ecole.fr\/index.php?rest_route=\/wp\/v2\/pages\/2037\/revisions"}],"predecessor-version":[{"id":14963,"href":"https:\/\/lepouliguen-ecole.fr\/index.php?rest_route=\/wp\/v2\/pages\/2037\/revisions\/14963"}],"wp:attachment":[{"href":"https:\/\/lepouliguen-ecole.fr\/index.php?rest_route=%2Fwp%2Fv2%2Fmedia&parent=2037"}],"curies":[{"name":"wp","href":"https:\/\/api.w.org\/{rel}","templated":true}]}}