{"id":2045,"date":"2017-10-10T18:15:18","date_gmt":"2017-10-10T16:15:18","guid":{"rendered":"https:\/\/lepouliguen-ecole.fr\/?page_id=2045"},"modified":"2025-03-10T11:57:03","modified_gmt":"2025-03-10T10:57:03","slug":"laccueil-periscolaire","status":"publish","type":"page","link":"https:\/\/lepouliguen-ecole.fr\/?page_id=2045","title":{"rendered":"L&rsquo;accueil p\u00e9riscolaire"},"content":{"rendered":"<p>Un accueil p\u00e9riscolaire est propos\u00e9 aux familles de l&rsquo;\u00e9cole, le matin et le soir.&nbsp;<\/p>\n<p>Horaires : de 7H30 \u00e0 8H35 et de 16H30 \u00e0 18H30.&nbsp;<\/p>\n<p>Cet accueil se fait au sein m\u00eame de l&rsquo;\u00e9tablissement.&nbsp;<\/p>\n<p>L&rsquo;entr\u00e9e et la sortie s&rsquo;effectuent par la Rue du Bois.&nbsp;<\/p>\n<h6>&nbsp;<\/h6>\n","protected":false},"excerpt":{"rendered":"<p>Un accueil p\u00e9riscolaire est propos\u00e9 aux familles de l&rsquo;\u00e9cole, le matin et le soir.&nbsp; Horaires : de 7H30 \u00e0 8H35 et de 16H30 \u00e0 18H30.&nbsp; Cet accueil se fait au sein m\u00eame de l&rsquo;\u00e9tablissement.&nbsp; L&rsquo;entr\u00e9e et la sortie s&rsquo;effectuent par la Rue du Bois.&nbsp; &nbsp;<\/p>\n","protected":false},"author":4,"featured_media":0,"parent":0,"menu_order":0,"comment_status":"closed","ping_status":"closed","template":"","meta":{"ngg_post_thumbnail":0,"footnotes":""},"class_list":["post-2045","page","type-page","status-publish","hentry"],"_links":{"self":[{"href":"https:\/\/lepouliguen-ecole.fr\/index.php?rest_route=\/wp\/v2\/pages\/2045","targetHints":{"allow":["GET"]}}],"collection":[{"href":"https:\/\/lepouliguen-ecole.fr\/index.php?rest_route=\/wp\/v2\/pages"}],"about":[{"href":"https:\/\/lepouliguen-ecole.fr\/index.php?rest_route=\/wp\/v2\/types\/page"}],"author":[{"embeddable":true,"href":"https:\/\/lepouliguen-ecole.fr\/index.php?rest_route=\/wp\/v2\/users\/4"}],"replies":[{"embeddable":true,"href":"https:\/\/lepouliguen-ecole.fr\/index.php?rest_route=%2Fwp%2Fv2%2Fcomments&post=2045"}],"version-history":[{"count":7,"href":"https:\/\/lepouliguen-ecole.fr\/index.php?rest_route=\/wp\/v2\/pages\/2045\/revisions"}],"predecessor-version":[{"id":15527,"href":"https:\/\/lepouliguen-ecole.fr\/index.php?rest_route=\/wp\/v2\/pages\/2045\/revisions\/15527"}],"wp:attachment":[{"href":"https:\/\/lepouliguen-ecole.fr\/index.php?rest_route=%2Fwp%2Fv2%2Fmedia&parent=2045"}],"curies":[{"name":"wp","href":"https:\/\/api.w.org\/{rel}","templated":true}]}}