{"id":2054,"date":"2017-10-10T18:19:27","date_gmt":"2017-10-10T16:19:27","guid":{"rendered":"https:\/\/lepouliguen-ecole.fr\/?page_id=2054"},"modified":"2026-03-29T16:42:31","modified_gmt":"2026-03-29T14:42:31","slug":"le-reglement-de-lecole","status":"publish","type":"page","link":"https:\/\/lepouliguen-ecole.fr\/?page_id=2054","title":{"rendered":"La pastorale"},"content":{"rendered":"<p>L&rsquo;heure de caract\u00e8re propre est propos\u00e9e \u00e0 tous les \u00e9l\u00e8ves de l&rsquo;\u00e9tablissement :&nbsp;<\/p>\n<p>-de la PS au CE1, les enfants font de l&rsquo;\u00e9veil \u00e0 la foi<\/p>\n<p>-du CE2 au CM2, les enfants font de la culture chr\u00e9tienne<\/p>\n<p>Le P\u00e8re R\u00e9my, pr\u00eatre de la paroisse, nous rend parfois visite dans l&rsquo;\u00e9cole ou bien nous accompagne lors des c\u00e9l\u00e9brations organis\u00e9es dans l&rsquo;ann\u00e9e.&nbsp;<\/p>\n<p>Les enfants utilisent des outils comme \u00ab\u00a0Zou\u00a0\u00bb en CP\/CE1 et \u00ab\u00a0Anne et L\u00e9o\u00a0\u00bb du CE2 au CM2.&nbsp;<\/p>\n<p><a href=\"https:\/\/lepouliguen-ecole.fr\/wp-content\/uploads\/2026\/03\/41JKAf6isLL._AC_UF8941000_QL80_.jpg\"><img loading=\"lazy\" decoding=\"async\" class=\"alignnone size-medium wp-image-16072\" src=\"https:\/\/lepouliguen-ecole.fr\/wp-content\/uploads\/2026\/03\/41JKAf6isLL._AC_UF8941000_QL80_-300x300.jpg\" alt=\"\" width=\"300\" height=\"300\" srcset=\"https:\/\/lepouliguen-ecole.fr\/wp-content\/uploads\/2026\/03\/41JKAf6isLL._AC_UF8941000_QL80_-300x300.jpg 300w, https:\/\/lepouliguen-ecole.fr\/wp-content\/uploads\/2026\/03\/41JKAf6isLL._AC_UF8941000_QL80_-150x150.jpg 150w, https:\/\/lepouliguen-ecole.fr\/wp-content\/uploads\/2026\/03\/41JKAf6isLL._AC_UF8941000_QL80_-768x768.jpg 768w, https:\/\/lepouliguen-ecole.fr\/wp-content\/uploads\/2026\/03\/41JKAf6isLL._AC_UF8941000_QL80_-570x570.jpg 570w, https:\/\/lepouliguen-ecole.fr\/wp-content\/uploads\/2026\/03\/41JKAf6isLL._AC_UF8941000_QL80_-380x380.jpg 380w, https:\/\/lepouliguen-ecole.fr\/wp-content\/uploads\/2026\/03\/41JKAf6isLL._AC_UF8941000_QL80_-285x285.jpg 285w, https:\/\/lepouliguen-ecole.fr\/wp-content\/uploads\/2026\/03\/41JKAf6isLL._AC_UF8941000_QL80_.jpg 894w\" sizes=\"auto, (max-width: 300px) 100vw, 300px\" \/><\/a> <a href=\"https:\/\/lepouliguen-ecole.fr\/wp-content\/uploads\/2026\/03\/9782916221755_1_75.jpg\"><img loading=\"lazy\" decoding=\"async\" class=\"alignnone size-medium wp-image-16073\" src=\"https:\/\/lepouliguen-ecole.fr\/wp-content\/uploads\/2026\/03\/9782916221755_1_75-300x300.jpg\" alt=\"\" width=\"300\" height=\"300\" srcset=\"https:\/\/lepouliguen-ecole.fr\/wp-content\/uploads\/2026\/03\/9782916221755_1_75-300x300.jpg 300w, https:\/\/lepouliguen-ecole.fr\/wp-content\/uploads\/2026\/03\/9782916221755_1_75-150x150.jpg 150w, https:\/\/lepouliguen-ecole.fr\/wp-content\/uploads\/2026\/03\/9782916221755_1_75-285x285.jpg 285w, https:\/\/lepouliguen-ecole.fr\/wp-content\/uploads\/2026\/03\/9782916221755_1_75.jpg 313w\" sizes=\"auto, (max-width: 300px) 100vw, 300px\" \/><\/a><\/p>\n","protected":false},"excerpt":{"rendered":"<p>L&rsquo;heure de caract\u00e8re propre est propos\u00e9e \u00e0 tous les \u00e9l\u00e8ves de l&rsquo;\u00e9tablissement :&nbsp; -de la PS au CE1, les enfants font de l&rsquo;\u00e9veil \u00e0 la foi -du CE2 au CM2, les enfants font de la culture chr\u00e9tienne Le P\u00e8re R\u00e9my, pr\u00eatre de la paroisse, nous rend parfois visite dans l&rsquo;\u00e9cole ou bien nous accompagne lors<\/p>\n<p><a href=\"https:\/\/lepouliguen-ecole.fr\/?page_id=2054\" class=\"more-link themebutton\">Read More<\/a><\/p>\n","protected":false},"author":4,"featured_media":0,"parent":0,"menu_order":0,"comment_status":"closed","ping_status":"closed","template":"","meta":{"ngg_post_thumbnail":0,"footnotes":""},"class_list":["post-2054","page","type-page","status-publish","hentry"],"_links":{"self":[{"href":"https:\/\/lepouliguen-ecole.fr\/index.php?rest_route=\/wp\/v2\/pages\/2054","targetHints":{"allow":["GET"]}}],"collection":[{"href":"https:\/\/lepouliguen-ecole.fr\/index.php?rest_route=\/wp\/v2\/pages"}],"about":[{"href":"https:\/\/lepouliguen-ecole.fr\/index.php?rest_route=\/wp\/v2\/types\/page"}],"author":[{"embeddable":true,"href":"https:\/\/lepouliguen-ecole.fr\/index.php?rest_route=\/wp\/v2\/users\/4"}],"replies":[{"embeddable":true,"href":"https:\/\/lepouliguen-ecole.fr\/index.php?rest_route=%2Fwp%2Fv2%2Fcomments&post=2054"}],"version-history":[{"count":14,"href":"https:\/\/lepouliguen-ecole.fr\/index.php?rest_route=\/wp\/v2\/pages\/2054\/revisions"}],"predecessor-version":[{"id":16074,"href":"https:\/\/lepouliguen-ecole.fr\/index.php?rest_route=\/wp\/v2\/pages\/2054\/revisions\/16074"}],"wp:attachment":[{"href":"https:\/\/lepouliguen-ecole.fr\/index.php?rest_route=%2Fwp%2Fv2%2Fmedia&parent=2054"}],"curies":[{"name":"wp","href":"https:\/\/api.w.org\/{rel}","templated":true}]}}