{"id":2082,"date":"2017-10-11T10:48:21","date_gmt":"2017-10-11T08:48:21","guid":{"rendered":"https:\/\/lepouliguen-ecole.fr\/?page_id=2082"},"modified":"2024-12-08T18:07:28","modified_gmt":"2024-12-08T17:07:28","slug":"les-modalites-dinscription","status":"publish","type":"page","link":"https:\/\/lepouliguen-ecole.fr\/?page_id=2082","title":{"rendered":"Les modalit\u00e9s d&rsquo;inscription"},"content":{"rendered":"<p style=\"text-align: center;\"><strong>Il est possible d\u2019inscrire vos enfants \u00e0 tout moment de l\u2019ann\u00e9e.&nbsp;<\/strong><\/p>\n<p style=\"text-align: left;\">Apr\u00e8s chaque p\u00e9riode de vacances pour les TPS ou \u00e0 votre arriv\u00e9e sur la commune, pour les autres niveaux.<\/p>\n<p style=\"text-align: left;\">Concernant les TPS, un accueil r\u00e9gulier, le matin, vous sera propos\u00e9. Cet accueil pourra \u00e9voluer au cours de l&rsquo;ann\u00e9e.<\/p>\n<p>&nbsp;<\/p>\n<p style=\"text-align: center;\"><strong>Pour la rentr\u00e9e de septembre prochain, les inscriptions sont ouvertes.<\/strong><\/p>\n<p style=\"text-align: center;\"><span style=\"font-family: Ubuntu;\">Si vous souhaitez visiter les lieux, \u00e9changer, et\/ou si vous souhaitez inscrire votre enfant, n&rsquo;h\u00e9sitez pas \u00e0 prendre contact avec la cheffe d&rsquo;\u00e9tablissement Elodie CASSOU<\/span><\/p>\n<p style=\"text-align: center;\">Par t\u00e9l\u00e9phone ou par mail<\/p>\n<div class=\"_iPk\" style=\"text-align: center;\">\n<div>02 40 42 31 09<\/div>\n<\/div>\n<p style=\"text-align: center;\"><a href=\"mailto:ec.pouliguen.ste-marie@ec44.fr\">ec.pouliguen.ste-marie@ec44.fr<\/a><\/p>\n<p>&nbsp;<\/p>\n<p>&nbsp;<\/p>\n<h5>&nbsp;<\/h5>\n","protected":false},"excerpt":{"rendered":"<p>Il est possible d\u2019inscrire vos enfants \u00e0 tout moment de l\u2019ann\u00e9e.&nbsp; Apr\u00e8s chaque p\u00e9riode de vacances pour les TPS ou \u00e0 votre arriv\u00e9e sur la commune, pour les autres niveaux. Concernant les TPS, un accueil r\u00e9gulier, le matin, vous sera propos\u00e9. Cet accueil pourra \u00e9voluer au cours de l&rsquo;ann\u00e9e. &nbsp; Pour la rentr\u00e9e de septembre<\/p>\n<p><a href=\"https:\/\/lepouliguen-ecole.fr\/?page_id=2082\" class=\"more-link themebutton\">Read More<\/a><\/p>\n","protected":false},"author":4,"featured_media":0,"parent":0,"menu_order":0,"comment_status":"closed","ping_status":"closed","template":"","meta":{"ngg_post_thumbnail":0,"footnotes":""},"class_list":["post-2082","page","type-page","status-publish","hentry"],"_links":{"self":[{"href":"https:\/\/lepouliguen-ecole.fr\/index.php?rest_route=\/wp\/v2\/pages\/2082","targetHints":{"allow":["GET"]}}],"collection":[{"href":"https:\/\/lepouliguen-ecole.fr\/index.php?rest_route=\/wp\/v2\/pages"}],"about":[{"href":"https:\/\/lepouliguen-ecole.fr\/index.php?rest_route=\/wp\/v2\/types\/page"}],"author":[{"embeddable":true,"href":"https:\/\/lepouliguen-ecole.fr\/index.php?rest_route=\/wp\/v2\/users\/4"}],"replies":[{"embeddable":true,"href":"https:\/\/lepouliguen-ecole.fr\/index.php?rest_route=%2Fwp%2Fv2%2Fcomments&post=2082"}],"version-history":[{"count":6,"href":"https:\/\/lepouliguen-ecole.fr\/index.php?rest_route=\/wp\/v2\/pages\/2082\/revisions"}],"predecessor-version":[{"id":14953,"href":"https:\/\/lepouliguen-ecole.fr\/index.php?rest_route=\/wp\/v2\/pages\/2082\/revisions\/14953"}],"wp:attachment":[{"href":"https:\/\/lepouliguen-ecole.fr\/index.php?rest_route=%2Fwp%2Fv2%2Fmedia&parent=2082"}],"curies":[{"name":"wp","href":"https:\/\/api.w.org\/{rel}","templated":true}]}}