{"id":2094,"date":"2017-10-11T14:42:21","date_gmt":"2017-10-11T12:42:21","guid":{"rendered":"https:\/\/lepouliguen-ecole.fr\/?page_id=2094"},"modified":"2025-10-23T23:44:37","modified_gmt":"2025-10-23T21:44:37","slug":"les-tarifs","status":"publish","type":"page","link":"https:\/\/lepouliguen-ecole.fr\/?page_id=2094","title":{"rendered":"Les tarifs"},"content":{"rendered":"<p><strong>FRAIS DE SCOLARITE &#8211; 2025 -2026<\/strong><\/p>\n<p>-Cotisation scolaire : (tarif A obligatoire, tarifs B, C et D au choix au titre du tarif de solidarit\u00e9)<br \/>\n&nbsp; &nbsp; &nbsp; TARIF A : 450 \u20ac par an&nbsp; &nbsp; &nbsp; &nbsp; &nbsp; &nbsp; &nbsp;TARIF B : 500 \u20ac par an&nbsp; &nbsp; &nbsp; &nbsp; &nbsp; &nbsp; &nbsp; TARIF C : 550 \u20ac PAR&nbsp; &nbsp; &nbsp; &nbsp; &nbsp; &nbsp; &nbsp; &nbsp;TARIF D : 600 \u20ac par an&nbsp;<\/p>\n<p>-Fournitures scolaires (payable en 1 seule fois) : 20 \u20ac par an pour un enfant en maternelle ou 30 \u20ac par an pour un enfant en \u00e9l\u00e9mentaire&nbsp;<\/p>\n<p>-Prix du repas : 4.90 \u20ac<\/p>\n<p>-Prix du p\u00e9riscolaire : 4 \u20ac la 1\u00e8re heure (indivisible) \u2013 puis 1 \u20ac le \u00bc d\u2019heure<\/p>\n<p>Le <strong>pr\u00e9l\u00e8vement<\/strong> mensuel est obligatoire. Cependant, un paiement annuel par ch\u00e8que est possible en d\u00e9but d&rsquo;ann\u00e9e.<\/p>\n","protected":false},"excerpt":{"rendered":"<p>FRAIS DE SCOLARITE &#8211; 2025 -2026 -Cotisation scolaire : (tarif A obligatoire, tarifs B, C et D au choix au titre du tarif de solidarit\u00e9) &nbsp; &nbsp; &nbsp; TARIF A : 450 \u20ac par an&nbsp; &nbsp; &nbsp; &nbsp; &nbsp; &nbsp; &nbsp;TARIF B : 500 \u20ac par an&nbsp; &nbsp; &nbsp; &nbsp; &nbsp; &nbsp; &nbsp; TARIF C<\/p>\n<p><a href=\"https:\/\/lepouliguen-ecole.fr\/?page_id=2094\" class=\"more-link themebutton\">Read More<\/a><\/p>\n","protected":false},"author":4,"featured_media":0,"parent":0,"menu_order":0,"comment_status":"closed","ping_status":"closed","template":"","meta":{"ngg_post_thumbnail":0,"footnotes":""},"class_list":["post-2094","page","type-page","status-publish","hentry"],"_links":{"self":[{"href":"https:\/\/lepouliguen-ecole.fr\/index.php?rest_route=\/wp\/v2\/pages\/2094","targetHints":{"allow":["GET"]}}],"collection":[{"href":"https:\/\/lepouliguen-ecole.fr\/index.php?rest_route=\/wp\/v2\/pages"}],"about":[{"href":"https:\/\/lepouliguen-ecole.fr\/index.php?rest_route=\/wp\/v2\/types\/page"}],"author":[{"embeddable":true,"href":"https:\/\/lepouliguen-ecole.fr\/index.php?rest_route=\/wp\/v2\/users\/4"}],"replies":[{"embeddable":true,"href":"https:\/\/lepouliguen-ecole.fr\/index.php?rest_route=%2Fwp%2Fv2%2Fcomments&post=2094"}],"version-history":[{"count":12,"href":"https:\/\/lepouliguen-ecole.fr\/index.php?rest_route=\/wp\/v2\/pages\/2094\/revisions"}],"predecessor-version":[{"id":15749,"href":"https:\/\/lepouliguen-ecole.fr\/index.php?rest_route=\/wp\/v2\/pages\/2094\/revisions\/15749"}],"wp:attachment":[{"href":"https:\/\/lepouliguen-ecole.fr\/index.php?rest_route=%2Fwp%2Fv2%2Fmedia&parent=2094"}],"curies":[{"name":"wp","href":"https:\/\/api.w.org\/{rel}","templated":true}]}}