{"id":2307,"date":"2017-10-19T21:52:16","date_gmt":"2017-10-19T19:52:16","guid":{"rendered":"https:\/\/lepouliguen-ecole.fr\/?page_id=2307"},"modified":"2024-12-08T18:44:11","modified_gmt":"2024-12-08T17:44:11","slug":"le-caractere-propre","status":"publish","type":"page","link":"https:\/\/lepouliguen-ecole.fr\/?page_id=2307","title":{"rendered":"Les projets"},"content":{"rendered":"<p>Le projet \u00e9ducatif et le projet p\u00e9dagogique sont en cours de r\u00e9\u00e9criture.<\/p>\n<p>Nous aurons le plaisir de vous les partager d\u00e8s qu&rsquo;ils auront vu le jour&#8230;<\/p>\n<p>&nbsp;<\/p>\n<p>&nbsp;<\/p>\n","protected":false},"excerpt":{"rendered":"<p>Le projet \u00e9ducatif et le projet p\u00e9dagogique sont en cours de r\u00e9\u00e9criture. Nous aurons le plaisir de vous les partager d\u00e8s qu&rsquo;ils auront vu le jour&#8230; &nbsp; &nbsp;<\/p>\n","protected":false},"author":4,"featured_media":0,"parent":0,"menu_order":0,"comment_status":"closed","ping_status":"closed","template":"","meta":{"ngg_post_thumbnail":0,"footnotes":""},"class_list":["post-2307","page","type-page","status-publish","hentry"],"_links":{"self":[{"href":"https:\/\/lepouliguen-ecole.fr\/index.php?rest_route=\/wp\/v2\/pages\/2307","targetHints":{"allow":["GET"]}}],"collection":[{"href":"https:\/\/lepouliguen-ecole.fr\/index.php?rest_route=\/wp\/v2\/pages"}],"about":[{"href":"https:\/\/lepouliguen-ecole.fr\/index.php?rest_route=\/wp\/v2\/types\/page"}],"author":[{"embeddable":true,"href":"https:\/\/lepouliguen-ecole.fr\/index.php?rest_route=\/wp\/v2\/users\/4"}],"replies":[{"embeddable":true,"href":"https:\/\/lepouliguen-ecole.fr\/index.php?rest_route=%2Fwp%2Fv2%2Fcomments&post=2307"}],"version-history":[{"count":4,"href":"https:\/\/lepouliguen-ecole.fr\/index.php?rest_route=\/wp\/v2\/pages\/2307\/revisions"}],"predecessor-version":[{"id":14969,"href":"https:\/\/lepouliguen-ecole.fr\/index.php?rest_route=\/wp\/v2\/pages\/2307\/revisions\/14969"}],"wp:attachment":[{"href":"https:\/\/lepouliguen-ecole.fr\/index.php?rest_route=%2Fwp%2Fv2%2Fmedia&parent=2307"}],"curies":[{"name":"wp","href":"https:\/\/api.w.org\/{rel}","templated":true}]}}