{"id":27,"date":"2022-07-07T10:31:14","date_gmt":"2022-07-07T08:31:14","guid":{"rendered":"https:\/\/lepouliguen-ecole.fr\/?page_id=27"},"modified":"2026-03-29T16:45:38","modified_gmt":"2026-03-29T14:45:38","slug":"apel","status":"publish","type":"page","link":"https:\/\/lepouliguen-ecole.fr\/?page_id=27","title":{"rendered":"APEL"},"content":{"rendered":"<h5><strong>APEL&nbsp;: Association des parents d\u2019\u00e9l\u00e8ves de l\u2019Enseignement Libre<\/strong><\/h5>\n<table width=\"0\">\n<tbody>\n<tr>\n<td style=\"text-align: center;\"><em><strong>L&rsquo;Apel est l\u00e0 pour vous aider et repr\u00e9senter les parents au sein de l&rsquo;\u00e9cole et aupr\u00e8s des institutions locales<\/strong><\/em><\/td>\n<\/tr>\n<\/tbody>\n<\/table>\n<h5><strong>Notre Mission<\/strong><\/h5>\n<ul>\n<li>L\u2019APEL est une association de parents b\u00e9n\u00e9voles responsables.<\/li>\n<li>Repr\u00e9senter les parents au sein de l\u2019\u00e9cole et aupr\u00e8s des institutions locales<\/li>\n<li>Apporter le regard des parents vis-\u00e0-vis du projet commun (instruction et \u00e9ducation des enfants)<\/li>\n<li>Etre attentif aux remarques positives ou n\u00e9gatives<\/li>\n<li>Informer et conseiller les parents sur la vie de l\u2019\u00e9tablissement et ses particularit\u00e9s<\/li>\n<\/ul>\n<h5><strong>Nos Moyens<\/strong><\/h5>\n<ul>\n<li>Conseil d\u2019administration de l\u2019APEL&nbsp;en pr\u00e9sence du chef d\u2019\u00e9tablissement<\/li>\n<li>Relations r\u00e9guli\u00e8res avec le chef d\u2019\u00e9tablissement via le Pr\u00e9sident et\/ou le vice pr\u00e9sident.<\/li>\n<li>R\u00e9union avec les institutions locales \u2013 Mairie, \u2026<\/li>\n<li>Participation aux conseils d\u2019administrations des autres parties prenantes de la communaut\u00e9 \u00e9ducative. (OGEC \u2013 Conseil d\u2019\u00e9tablissement)<\/li>\n<li>Organisation de manifestations au cours de l\u2019ann\u00e9e pour d\u00e9velopper une entraide au sein de l\u2019\u00e9cole et participer au projet p\u00e9dagogique de l\u2019\u00e9cole<\/li>\n<\/ul>\n","protected":false},"excerpt":{"rendered":"<p>APEL&nbsp;: Association des parents d\u2019\u00e9l\u00e8ves de l\u2019Enseignement Libre L&rsquo;Apel est l\u00e0 pour vous aider et repr\u00e9senter les parents au sein de l&rsquo;\u00e9cole et aupr\u00e8s des institutions locales Notre Mission L\u2019APEL est une association de parents b\u00e9n\u00e9voles responsables. Repr\u00e9senter les parents au sein de l\u2019\u00e9cole et aupr\u00e8s des institutions locales Apporter le regard des parents vis-\u00e0-vis<\/p>\n<p><a href=\"https:\/\/lepouliguen-ecole.fr\/?page_id=27\" class=\"more-link themebutton\">Read More<\/a><\/p>\n","protected":false},"author":14,"featured_media":0,"parent":33,"menu_order":0,"comment_status":"closed","ping_status":"closed","template":"","meta":{"ngg_post_thumbnail":0,"footnotes":""},"class_list":["post-27","page","type-page","status-publish","hentry"],"_links":{"self":[{"href":"https:\/\/lepouliguen-ecole.fr\/index.php?rest_route=\/wp\/v2\/pages\/27","targetHints":{"allow":["GET"]}}],"collection":[{"href":"https:\/\/lepouliguen-ecole.fr\/index.php?rest_route=\/wp\/v2\/pages"}],"about":[{"href":"https:\/\/lepouliguen-ecole.fr\/index.php?rest_route=\/wp\/v2\/types\/page"}],"author":[{"embeddable":true,"href":"https:\/\/lepouliguen-ecole.fr\/index.php?rest_route=\/wp\/v2\/users\/14"}],"replies":[{"embeddable":true,"href":"https:\/\/lepouliguen-ecole.fr\/index.php?rest_route=%2Fwp%2Fv2%2Fcomments&post=27"}],"version-history":[{"count":6,"href":"https:\/\/lepouliguen-ecole.fr\/index.php?rest_route=\/wp\/v2\/pages\/27\/revisions"}],"predecessor-version":[{"id":16076,"href":"https:\/\/lepouliguen-ecole.fr\/index.php?rest_route=\/wp\/v2\/pages\/27\/revisions\/16076"}],"up":[{"embeddable":true,"href":"https:\/\/lepouliguen-ecole.fr\/index.php?rest_route=\/wp\/v2\/pages\/33"}],"wp:attachment":[{"href":"https:\/\/lepouliguen-ecole.fr\/index.php?rest_route=%2Fwp%2Fv2%2Fmedia&parent=27"}],"curies":[{"name":"wp","href":"https:\/\/api.w.org\/{rel}","templated":true}]}}