{"id":30,"date":"2013-12-09T10:31:32","date_gmt":"2013-12-09T09:31:32","guid":{"rendered":"https:\/\/lepouliguen-ecole.fr\/?page_id=30"},"modified":"2026-03-29T16:44:46","modified_gmt":"2026-03-29T14:44:46","slug":"ogec","status":"publish","type":"page","link":"https:\/\/lepouliguen-ecole.fr\/?page_id=30","title":{"rendered":"OGEC"},"content":{"rendered":"<h4><strong>OGEC&nbsp;: organisme de gestion de l\u2019enseignement catholique<\/strong><\/h4>\n<p>&nbsp;&nbsp;&nbsp;&nbsp;&nbsp;&nbsp;&nbsp;&nbsp;&nbsp;&nbsp;&nbsp;&nbsp;&nbsp;&nbsp;&nbsp;&nbsp;&nbsp;&nbsp;&nbsp;&nbsp;&nbsp;&nbsp;&nbsp;&nbsp;&nbsp;&nbsp;&nbsp;&nbsp;&nbsp;&nbsp;&nbsp;&nbsp;&nbsp;&nbsp;&nbsp;&nbsp;&nbsp;&nbsp;&nbsp;&nbsp;&nbsp;&nbsp; <em>Association r\u00e9gie par la loi 1901<\/em><\/p>\n<p>&nbsp;<\/p>\n<p>L\u2019OGEC conf\u00e8re \u00e0 l\u2019\u00e9tablissement scolaire une existence juridique. Le Conseil d\u2019Administration de l\u2019OGEC est constitu\u00e9&nbsp;:<\/p>\n<p>&nbsp;&nbsp;&nbsp;&nbsp;&nbsp;&nbsp;&nbsp;&nbsp;&nbsp;&nbsp;&nbsp; -de personnes soucieuses de la bonne gestion de l\u2019\u00e9tablissement, parents d\u2019\u00e9l\u00e8ves ou non<\/p>\n<p>&nbsp;&nbsp;&nbsp;&nbsp;&nbsp;&nbsp;&nbsp;&nbsp;&nbsp;&nbsp;&nbsp; -de membres de droit&nbsp;: le Pr\u00e9sident de l\u2019Apel, le Cur\u00e9 de la Paroisse, le Directeur Dioc\u00e9sain et le Pr\u00e9sident de l\u2019UDOGEC<\/p>\n<p><strong><em>&nbsp;<\/em><\/strong><\/p>\n<p><strong><em>Ses missions&nbsp;:<\/em><\/strong><\/p>\n<p>1) En lien \u00e9troit avec le chef d\u2019\u00e9tablissement, l\u2019APEL, la Paroisse et les structures dioc\u00e9saines, l\u2019OGEC assure&nbsp;:<br \/>\n&nbsp;&nbsp;&nbsp;&nbsp;&nbsp;&nbsp;&nbsp;&nbsp;&nbsp;&nbsp;&nbsp;&nbsp;&nbsp; &#8211; La gestion financi\u00e8re et comptable de l\u2019\u00e9tablissement&nbsp;; L\u2019OGEC d\u00e9lib\u00e8re sur le budget et en arr\u00eate les modalit\u00e9s d\u2019application, en suit r\u00e9guli\u00e8rement l\u2019ex\u00e9cution, fixe le montant des contributions, des participations des familles, les prix de la restauration, de l\u2019h\u00e9bergement, etc&#8230;<br \/>\n&nbsp;&nbsp;&nbsp;&nbsp;&nbsp;&nbsp;&nbsp;&nbsp;&nbsp;&nbsp;&nbsp;&nbsp;&nbsp; &#8211; L\u2019entretien du patrimoine immobilier et mobilier.<\/p>\n<p>2) Dans le respect des textes propres \u00e0 l\u2019Enseignement Catholique et de ceux de la Conf\u00e9rence des Ev\u00eaques de France traitant de certains actes extraordinaires d\u2019administration et de gestion&nbsp;:<br \/>\n&nbsp; &nbsp; &nbsp; &nbsp; &nbsp; &nbsp;&nbsp; &#8211;&nbsp; Il d\u00e9cide de proc\u00e9der aux travaux, aux acquisitions et ali\u00e9nations des biens n\u00e9cessaires dans le cadre de l\u2019application de la charte dioc\u00e9saine sur les biens immobiliers \u00e0 usage scolaire.<br \/>\n&nbsp; &nbsp; &nbsp; &nbsp; &nbsp;&nbsp; &nbsp; &#8211;&nbsp; Il d\u00e9cide de prendre \u00e0 bail les locaux n\u00e9cessaires ou utiles \u00e0 l\u2019association.<br \/>\n&nbsp;&nbsp;&nbsp;&nbsp;&nbsp;&nbsp;&nbsp;&nbsp;&nbsp;&nbsp;&nbsp;&nbsp; &#8211; Il contracte les emprunts et ouvertures de cr\u00e9dit.<\/p>\n<p>3) La fonction employeur des personnels non enseignants&nbsp;:<br \/>\nEn accord avec le chef d\u2019\u00e9tablissement, il assure la gestion des richesses humaines dont l\u2019O.G.E.C. est employeur. Il est responsable de l\u2019application de la l\u00e9gislation sociale et des conventions collectives.<\/p>\n<p><strong><em>Ses Ressources&nbsp;:<\/em><\/strong><\/p>\n<p>Elles proviennent&nbsp;:<br \/>\n&nbsp;&nbsp; &#8211; des r\u00e9tributions financi\u00e8res vers\u00e9es par les familles&nbsp;;<br \/>\n&nbsp;&nbsp; -des diverses participations et subventions vers\u00e9es par l\u2019Etat et les collectivit\u00e9s territoriales et pour une part souvent n\u00e9cessaire&nbsp;:<br \/>\n&nbsp;d\u2019autres ressources l\u00e9galement autoris\u00e9es (subventions d\u2019autres associations, dons\u2026.)<\/p>\n<p><strong><em>&nbsp;<\/em><\/strong><strong><em>Financements&nbsp;:<\/em><\/strong><\/p>\n<p>&nbsp; &nbsp; &nbsp;&nbsp; &#8211;&nbsp; Les r\u00e9tributions financi\u00e8res vers\u00e9es par les familles, les autres ressources l\u00e9galement autoris\u00e9es sont destin\u00e9es \u00e0 assumer l\u2019immobilier et les frais inh\u00e9rents au caract\u00e8re catholique de l\u2019\u00e9tablissement<br \/>\n&nbsp;&nbsp;&nbsp;&nbsp;&nbsp;&nbsp; &#8211; Les diverses participations et subventions vers\u00e9es par l\u2019Etat et les collectivit\u00e9s territoriales (Commune, D\u00e9partement, R\u00e9gion) sont destin\u00e9es \u00e0 prendre en charge les d\u00e9penses de fonctionnement courantes.<\/p>\n<p>&nbsp;<\/p>\n<h5><strong>Le Conseil d\u2019administration de l\u2019OGEC 2025 &#8211; 2026<\/strong><\/h5>\n<p>Nicolas PALLIER (pr\u00e9sident)<\/p>\n<p>Baptiste EMBLANC (vice-pr\u00e9sident)<\/p>\n<p>Charlotte LAMARTHE (secr\u00e9taire)<\/p>\n<p>Baptiste BARILLE (tr\u00e9sorier)<\/p>\n<p><em><u>Autres membres actifs<\/u><\/em><\/p>\n<p>Am\u00e9lie PLESSIS (secr\u00e9taire adjointe)<\/p>\n<p>Laure TERRIER<\/p>\n<p>Anne-Sophie RICHARD<\/p>\n<p>Fanny CRUAUD&nbsp;<\/p>\n<p>&nbsp;<\/p>\n<p>&nbsp;<\/p>\n<p>&nbsp;<\/p>\n<p>&nbsp;<\/p>\n<p>&nbsp;<\/p>\n<p>&nbsp;<\/p>\n<p>&nbsp;<\/p>\n","protected":false},"excerpt":{"rendered":"<p>OGEC&nbsp;: organisme de gestion de l\u2019enseignement catholique &nbsp;&nbsp;&nbsp;&nbsp;&nbsp;&nbsp;&nbsp;&nbsp;&nbsp;&nbsp;&nbsp;&nbsp;&nbsp;&nbsp;&nbsp;&nbsp;&nbsp;&nbsp;&nbsp;&nbsp;&nbsp;&nbsp;&nbsp;&nbsp;&nbsp;&nbsp;&nbsp;&nbsp;&nbsp;&nbsp;&nbsp;&nbsp;&nbsp;&nbsp;&nbsp;&nbsp;&nbsp;&nbsp;&nbsp;&nbsp;&nbsp;&nbsp; Association r\u00e9gie par la loi 1901 &nbsp; L\u2019OGEC conf\u00e8re \u00e0 l\u2019\u00e9tablissement scolaire une existence juridique. Le Conseil d\u2019Administration de l\u2019OGEC est constitu\u00e9&nbsp;: &nbsp;&nbsp;&nbsp;&nbsp;&nbsp;&nbsp;&nbsp;&nbsp;&nbsp;&nbsp;&nbsp; -de personnes soucieuses de la bonne gestion de l\u2019\u00e9tablissement, parents d\u2019\u00e9l\u00e8ves ou non &nbsp;&nbsp;&nbsp;&nbsp;&nbsp;&nbsp;&nbsp;&nbsp;&nbsp;&nbsp;&nbsp; -de membres de droit&nbsp;: le Pr\u00e9sident de l\u2019Apel, le Cur\u00e9<\/p>\n<p><a href=\"https:\/\/lepouliguen-ecole.fr\/?page_id=30\" class=\"more-link themebutton\">Read More<\/a><\/p>\n","protected":false},"author":14,"featured_media":0,"parent":33,"menu_order":0,"comment_status":"closed","ping_status":"closed","template":"","meta":{"ngg_post_thumbnail":0,"footnotes":""},"class_list":["post-30","page","type-page","status-publish","hentry"],"_links":{"self":[{"href":"https:\/\/lepouliguen-ecole.fr\/index.php?rest_route=\/wp\/v2\/pages\/30","targetHints":{"allow":["GET"]}}],"collection":[{"href":"https:\/\/lepouliguen-ecole.fr\/index.php?rest_route=\/wp\/v2\/pages"}],"about":[{"href":"https:\/\/lepouliguen-ecole.fr\/index.php?rest_route=\/wp\/v2\/types\/page"}],"author":[{"embeddable":true,"href":"https:\/\/lepouliguen-ecole.fr\/index.php?rest_route=\/wp\/v2\/users\/14"}],"replies":[{"embeddable":true,"href":"https:\/\/lepouliguen-ecole.fr\/index.php?rest_route=%2Fwp%2Fv2%2Fcomments&post=30"}],"version-history":[{"count":9,"href":"https:\/\/lepouliguen-ecole.fr\/index.php?rest_route=\/wp\/v2\/pages\/30\/revisions"}],"predecessor-version":[{"id":16075,"href":"https:\/\/lepouliguen-ecole.fr\/index.php?rest_route=\/wp\/v2\/pages\/30\/revisions\/16075"}],"up":[{"embeddable":true,"href":"https:\/\/lepouliguen-ecole.fr\/index.php?rest_route=\/wp\/v2\/pages\/33"}],"wp:attachment":[{"href":"https:\/\/lepouliguen-ecole.fr\/index.php?rest_route=%2Fwp%2Fv2%2Fmedia&parent=30"}],"curies":[{"name":"wp","href":"https:\/\/api.w.org\/{rel}","templated":true}]}}