{"id":33,"date":"2013-12-09T10:31:50","date_gmt":"2013-12-09T09:31:50","guid":{"rendered":"https:\/\/lepouliguen-ecole.fr\/?page_id=33"},"modified":"2025-03-10T11:58:49","modified_gmt":"2025-03-10T10:58:49","slug":"associations","status":"publish","type":"page","link":"https:\/\/lepouliguen-ecole.fr\/?page_id=33","title":{"rendered":"Le restaurant scolaire"},"content":{"rendered":"<p>Le restaurant scolaire se situe dans l&rsquo;enceinte de l&rsquo;\u00e9cole.<\/p>\n<p>Deux services sont propos\u00e9s aux \u00e9l\u00e8ves de l&rsquo;\u00e9cole : de 12H00 \u00e0 12H30 pour les PS\/MS\/GS\/CP et de 12H45 \u00e0 13H15 pour les CE1\/CE2\/CM1\/CM2.<\/p>\n<p>Le prix unitaire par enfant\/par repas est de 4,90 \u20ac.<\/p>\n<p>&nbsp;<\/p>\n<p>&nbsp;<\/p>\n<p>&nbsp;<\/p>\n<p>&nbsp;<\/p>\n<p>&nbsp;<\/p>\n<p>&nbsp;<\/p>\n","protected":false},"excerpt":{"rendered":"<p>Le restaurant scolaire se situe dans l&rsquo;enceinte de l&rsquo;\u00e9cole. Deux services sont propos\u00e9s aux \u00e9l\u00e8ves de l&rsquo;\u00e9cole : de 12H00 \u00e0 12H30 pour les PS\/MS\/GS\/CP et de 12H45 \u00e0 13H15 pour les CE1\/CE2\/CM1\/CM2. Le prix unitaire par enfant\/par repas est de 4,90 \u20ac. &nbsp; &nbsp; &nbsp; &nbsp; &nbsp; &nbsp;<\/p>\n","protected":false},"author":14,"featured_media":0,"parent":0,"menu_order":0,"comment_status":"closed","ping_status":"open","template":"","meta":{"ngg_post_thumbnail":0,"footnotes":""},"class_list":["post-33","page","type-page","status-publish","hentry"],"_links":{"self":[{"href":"https:\/\/lepouliguen-ecole.fr\/index.php?rest_route=\/wp\/v2\/pages\/33","targetHints":{"allow":["GET"]}}],"collection":[{"href":"https:\/\/lepouliguen-ecole.fr\/index.php?rest_route=\/wp\/v2\/pages"}],"about":[{"href":"https:\/\/lepouliguen-ecole.fr\/index.php?rest_route=\/wp\/v2\/types\/page"}],"author":[{"embeddable":true,"href":"https:\/\/lepouliguen-ecole.fr\/index.php?rest_route=\/wp\/v2\/users\/14"}],"replies":[{"embeddable":true,"href":"https:\/\/lepouliguen-ecole.fr\/index.php?rest_route=%2Fwp%2Fv2%2Fcomments&post=33"}],"version-history":[{"count":12,"href":"https:\/\/lepouliguen-ecole.fr\/index.php?rest_route=\/wp\/v2\/pages\/33\/revisions"}],"predecessor-version":[{"id":15530,"href":"https:\/\/lepouliguen-ecole.fr\/index.php?rest_route=\/wp\/v2\/pages\/33\/revisions\/15530"}],"wp:attachment":[{"href":"https:\/\/lepouliguen-ecole.fr\/index.php?rest_route=%2Fwp%2Fv2%2Fmedia&parent=33"}],"curies":[{"name":"wp","href":"https:\/\/api.w.org\/{rel}","templated":true}]}}