{"id":37,"date":"2013-12-09T10:41:38","date_gmt":"2013-12-09T09:41:38","guid":{"rendered":"https:\/\/lepouliguen-ecole.fr\/?page_id=37"},"modified":"2025-10-23T23:41:09","modified_gmt":"2025-10-23T21:41:09","slug":"liens","status":"publish","type":"page","link":"https:\/\/lepouliguen-ecole.fr\/?page_id=37","title":{"rendered":"L&rsquo;\u00e9quipe p\u00e9dagogique"},"content":{"rendered":"<p>L&rsquo;\u00e9quipe p\u00e9dagogique est compos\u00e9e de 6 enseignantes et 4 ASEMS :&nbsp;<\/p>\n<p>-PS\/MS : C\u00e9line DUFETELLE aid\u00e9e de Sophie DOUGE (ASEM)<\/p>\n<p>-GS\/CP : Lucie GOULAY aid\u00e9e de Magalie YVIQUEL (ASEM)<\/p>\n<p>-CP\/CE1 : Elodie CASSOU d\u00e9charg\u00e9e les jeudis par Aur\u00e9lie PUREN<\/p>\n<p>-CE2\/CM1 : Claire BOULEAU<\/p>\n<p>-CM1\/CM2 : Emmanuelle MENANT<\/p>\n<p>Agents de restauration et d&rsquo;entretien : Laurence PICARD et Solenn MAILLARD<\/p>\n","protected":false},"excerpt":{"rendered":"<p>L&rsquo;\u00e9quipe p\u00e9dagogique est compos\u00e9e de 6 enseignantes et 4 ASEMS :&nbsp; -PS\/MS : C\u00e9line DUFETELLE aid\u00e9e de Sophie DOUGE (ASEM) -GS\/CP : Lucie GOULAY aid\u00e9e de Magalie YVIQUEL (ASEM) -CP\/CE1 : Elodie CASSOU d\u00e9charg\u00e9e les jeudis par Aur\u00e9lie PUREN -CE2\/CM1 : Claire BOULEAU -CM1\/CM2 : Emmanuelle MENANT Agents de restauration et d&rsquo;entretien : Laurence PICARD<\/p>\n<p><a href=\"https:\/\/lepouliguen-ecole.fr\/?page_id=37\" class=\"more-link themebutton\">Read More<\/a><\/p>\n","protected":false},"author":14,"featured_media":0,"parent":0,"menu_order":0,"comment_status":"closed","ping_status":"open","template":"","meta":{"ngg_post_thumbnail":0,"footnotes":""},"class_list":["post-37","page","type-page","status-publish","hentry"],"_links":{"self":[{"href":"https:\/\/lepouliguen-ecole.fr\/index.php?rest_route=\/wp\/v2\/pages\/37","targetHints":{"allow":["GET"]}}],"collection":[{"href":"https:\/\/lepouliguen-ecole.fr\/index.php?rest_route=\/wp\/v2\/pages"}],"about":[{"href":"https:\/\/lepouliguen-ecole.fr\/index.php?rest_route=\/wp\/v2\/types\/page"}],"author":[{"embeddable":true,"href":"https:\/\/lepouliguen-ecole.fr\/index.php?rest_route=\/wp\/v2\/users\/14"}],"replies":[{"embeddable":true,"href":"https:\/\/lepouliguen-ecole.fr\/index.php?rest_route=%2Fwp%2Fv2%2Fcomments&post=37"}],"version-history":[{"count":8,"href":"https:\/\/lepouliguen-ecole.fr\/index.php?rest_route=\/wp\/v2\/pages\/37\/revisions"}],"predecessor-version":[{"id":15930,"href":"https:\/\/lepouliguen-ecole.fr\/index.php?rest_route=\/wp\/v2\/pages\/37\/revisions\/15930"}],"wp:attachment":[{"href":"https:\/\/lepouliguen-ecole.fr\/index.php?rest_route=%2Fwp%2Fv2%2Fmedia&parent=37"}],"curies":[{"name":"wp","href":"https:\/\/api.w.org\/{rel}","templated":true}]}}