{"id":63,"date":"2014-02-17T16:10:00","date_gmt":"2014-02-17T15:10:00","guid":{"rendered":"https:\/\/lepouliguen-ecole.fr\/?page_id=63"},"modified":"2025-10-23T22:53:48","modified_gmt":"2025-10-23T20:53:48","slug":"contact-2","status":"publish","type":"page","link":"https:\/\/lepouliguen-ecole.fr\/?page_id=63","title":{"rendered":"Nous contacter"},"content":{"rendered":"<p>Vous pouvez joindre la cheffe d&rsquo;\u00e9tablissement Elodie CASSOU<\/p>\n<p>par t\u00e9l\u00e9phone (les jeudis) au 02 40 42 31 09<\/p>\n<p>ou par mail <a href=\"mailto:ec.pouliguen.ste-marie@ec44.fr\">ec.pouliguen.ste-marie@ec44.fr<\/a><\/p>\n<p>Adresse de l&rsquo;\u00e9cole : 20 rue du Bois 44 510 LE POULIGUEN&nbsp;<\/p>\n<p>&nbsp;<\/p>\n","protected":false},"excerpt":{"rendered":"<p>Vous pouvez joindre la cheffe d&rsquo;\u00e9tablissement Elodie CASSOU par t\u00e9l\u00e9phone (les jeudis) au 02 40 42 31 09 ou par mail ec.pouliguen.ste-marie@ec44.fr Adresse de l&rsquo;\u00e9cole : 20 rue du Bois 44 510 LE POULIGUEN&nbsp; &nbsp;<\/p>\n","protected":false},"author":3,"featured_media":0,"parent":0,"menu_order":0,"comment_status":"closed","ping_status":"open","template":"","meta":{"ngg_post_thumbnail":0,"footnotes":""},"class_list":["post-63","page","type-page","status-publish","hentry"],"_links":{"self":[{"href":"https:\/\/lepouliguen-ecole.fr\/index.php?rest_route=\/wp\/v2\/pages\/63","targetHints":{"allow":["GET"]}}],"collection":[{"href":"https:\/\/lepouliguen-ecole.fr\/index.php?rest_route=\/wp\/v2\/pages"}],"about":[{"href":"https:\/\/lepouliguen-ecole.fr\/index.php?rest_route=\/wp\/v2\/types\/page"}],"author":[{"embeddable":true,"href":"https:\/\/lepouliguen-ecole.fr\/index.php?rest_route=\/wp\/v2\/users\/3"}],"replies":[{"embeddable":true,"href":"https:\/\/lepouliguen-ecole.fr\/index.php?rest_route=%2Fwp%2Fv2%2Fcomments&post=63"}],"version-history":[{"count":6,"href":"https:\/\/lepouliguen-ecole.fr\/index.php?rest_route=\/wp\/v2\/pages\/63\/revisions"}],"predecessor-version":[{"id":15917,"href":"https:\/\/lepouliguen-ecole.fr\/index.php?rest_route=\/wp\/v2\/pages\/63\/revisions\/15917"}],"wp:attachment":[{"href":"https:\/\/lepouliguen-ecole.fr\/index.php?rest_route=%2Fwp%2Fv2%2Fmedia&parent=63"}],"curies":[{"name":"wp","href":"https:\/\/api.w.org\/{rel}","templated":true}]}}